	{"id":1334,"date":"2024-03-07T10:45:43","date_gmt":"2024-03-07T09:45:43","guid":{"rendered":"https:\/\/burgerella.ch\/prodotto\/biere-artisanale-ipa\/"},"modified":"2025-04-17T19:32:51","modified_gmt":"2025-04-17T17:32:51","slug":"biere-artisanale-ipa","status":"publish","type":"product","link":"https:\/\/burgerella.ch\/fr\/prodotto\/biere-artisanale-ipa\/","title":{"rendered":"Bi\u00e8re artisanale IPA"},"content":{"rendered":"","protected":false},"excerpt":{"rendered":"<p>6% vol<br \/>\nBi\u00e8re dor\u00e9e hautement ferment\u00e9e, IPA classique de la c\u00f4te ouest.<\/p>\n","protected":false},"featured_media":1050,"template":"","meta":{"_acf_changed":false,"_seopress_robots_primary_cat":"none","_seopress_titles_title":"","_seopress_titles_desc":"","_seopress_robots_index":"","_seopress_analysis_target_kw":""},"product_brand":[],"product_cat":[85],"product_tag":[],"class_list":{"0":"post-1334","1":"product","2":"type-product","3":"status-publish","4":"has-post-thumbnail","6":"product_cat-bieres","8":"first","9":"instock","10":"shipping-taxable","11":"purchasable","12":"product-type-simple"},"exclude_global_add_ons":[],"addons":[],"acf":[],"jetpack_sharing_enabled":true,"_links":{"self":[{"href":"https:\/\/burgerella.ch\/fr\/wp-json\/wp\/v2\/product\/1334","targetHints":{"allow":["GET"]}}],"collection":[{"href":"https:\/\/burgerella.ch\/fr\/wp-json\/wp\/v2\/product"}],"about":[{"href":"https:\/\/burgerella.ch\/fr\/wp-json\/wp\/v2\/types\/product"}],"wp:featuredmedia":[{"embeddable":true,"href":"https:\/\/burgerella.ch\/fr\/wp-json\/wp\/v2\/media\/1050"}],"wp:attachment":[{"href":"https:\/\/burgerella.ch\/fr\/wp-json\/wp\/v2\/media?parent=1334"}],"wp:term":[{"taxonomy":"product_brand","embeddable":true,"href":"https:\/\/burgerella.ch\/fr\/wp-json\/wp\/v2\/product_brand?post=1334"},{"taxonomy":"product_cat","embeddable":true,"href":"https:\/\/burgerella.ch\/fr\/wp-json\/wp\/v2\/product_cat?post=1334"},{"taxonomy":"product_tag","embeddable":true,"href":"https:\/\/burgerella.ch\/fr\/wp-json\/wp\/v2\/product_tag?post=1334"}],"curies":[{"name":"wp","href":"https:\/\/api.w.org\/{rel}","templated":true}]}}