	{"id":1326,"date":"2024-03-07T10:44:39","date_gmt":"2024-03-07T09:44:39","guid":{"rendered":"https:\/\/burgerella.ch\/prodotto\/biere-artisanale-x-tucc\/"},"modified":"2025-04-17T19:33:05","modified_gmt":"2025-04-17T17:33:05","slug":"biere-artisanale-x-tucc","status":"publish","type":"product","link":"https:\/\/burgerella.ch\/fr\/prodotto\/biere-artisanale-x-tucc\/","title":{"rendered":"Bi\u00e8re artisanale X TUCC"},"content":{"rendered":"","protected":false},"excerpt":{"rendered":"<p>Ale p\u00e2le de haute fermentation, houblonn\u00e9e \u00e0 sec avec des houblons am\u00e9ricains.<\/p>\n","protected":false},"featured_media":1002,"template":"","meta":{"_acf_changed":false,"_seopress_robots_primary_cat":"none","_seopress_titles_title":"","_seopress_titles_desc":"","_seopress_robots_index":"","_seopress_analysis_target_kw":""},"product_brand":[],"product_cat":[85],"product_tag":[],"class_list":{"0":"post-1326","1":"product","2":"type-product","3":"status-publish","4":"has-post-thumbnail","6":"product_cat-bieres","8":"first","9":"instock","10":"shipping-taxable","11":"purchasable","12":"product-type-simple"},"exclude_global_add_ons":[],"addons":[],"acf":[],"jetpack_sharing_enabled":true,"_links":{"self":[{"href":"https:\/\/burgerella.ch\/fr\/wp-json\/wp\/v2\/product\/1326","targetHints":{"allow":["GET"]}}],"collection":[{"href":"https:\/\/burgerella.ch\/fr\/wp-json\/wp\/v2\/product"}],"about":[{"href":"https:\/\/burgerella.ch\/fr\/wp-json\/wp\/v2\/types\/product"}],"wp:featuredmedia":[{"embeddable":true,"href":"https:\/\/burgerella.ch\/fr\/wp-json\/wp\/v2\/media\/1002"}],"wp:attachment":[{"href":"https:\/\/burgerella.ch\/fr\/wp-json\/wp\/v2\/media?parent=1326"}],"wp:term":[{"taxonomy":"product_brand","embeddable":true,"href":"https:\/\/burgerella.ch\/fr\/wp-json\/wp\/v2\/product_brand?post=1326"},{"taxonomy":"product_cat","embeddable":true,"href":"https:\/\/burgerella.ch\/fr\/wp-json\/wp\/v2\/product_cat?post=1326"},{"taxonomy":"product_tag","embeddable":true,"href":"https:\/\/burgerella.ch\/fr\/wp-json\/wp\/v2\/product_tag?post=1326"}],"curies":[{"name":"wp","href":"https:\/\/api.w.org\/{rel}","templated":true}]}}