	{"id":1316,"date":"2024-02-28T09:51:08","date_gmt":"2024-02-28T08:51:08","guid":{"rendered":"https:\/\/burgerella.ch\/prodotto\/menu-imitable-burger\/"},"modified":"2024-04-12T16:24:08","modified_gmt":"2024-04-12T14:24:08","slug":"menu-imitable-burger","status":"publish","type":"product","link":"https:\/\/burgerella.ch\/fr\/prodotto\/menu-imitable-burger\/","title":{"rendered":"Menu Imitable Burger"},"content":{"rendered":"","protected":false},"excerpt":{"rendered":"<p>pain, filets de poulet marin\u00e9s, haricots \u00e0 la cr\u00e8me avec<br \/>\ncurry, poivrons fl\u00e9tris, bacon, yaourt<br \/>\nnaturel, salade<\/p>\n","protected":false},"featured_media":1589,"template":"","meta":{"_acf_changed":false,"_seopress_robots_primary_cat":"none","_seopress_titles_title":"","_seopress_titles_desc":"","_seopress_robots_index":"","_seopress_analysis_target_kw":""},"product_brand":[],"product_cat":[74,80,75],"product_tag":[],"class_list":{"0":"post-1316","1":"product","2":"type-product","3":"status-publish","4":"has-post-thumbnail","6":"product_cat-hamburgers-gourmands","7":"product_cat-imitable","8":"product_cat-menu-fr","10":"first","11":"instock","12":"shipping-taxable","13":"purchasable","14":"product-type-simple"},"exclude_global_add_ons":false,"addons":[],"acf":[],"jetpack_sharing_enabled":true,"_links":{"self":[{"href":"https:\/\/burgerella.ch\/fr\/wp-json\/wp\/v2\/product\/1316","targetHints":{"allow":["GET"]}}],"collection":[{"href":"https:\/\/burgerella.ch\/fr\/wp-json\/wp\/v2\/product"}],"about":[{"href":"https:\/\/burgerella.ch\/fr\/wp-json\/wp\/v2\/types\/product"}],"wp:featuredmedia":[{"embeddable":true,"href":"https:\/\/burgerella.ch\/fr\/wp-json\/wp\/v2\/media\/1589"}],"wp:attachment":[{"href":"https:\/\/burgerella.ch\/fr\/wp-json\/wp\/v2\/media?parent=1316"}],"wp:term":[{"taxonomy":"product_brand","embeddable":true,"href":"https:\/\/burgerella.ch\/fr\/wp-json\/wp\/v2\/product_brand?post=1316"},{"taxonomy":"product_cat","embeddable":true,"href":"https:\/\/burgerella.ch\/fr\/wp-json\/wp\/v2\/product_cat?post=1316"},{"taxonomy":"product_tag","embeddable":true,"href":"https:\/\/burgerella.ch\/fr\/wp-json\/wp\/v2\/product_tag?post=1316"}],"curies":[{"name":"wp","href":"https:\/\/api.w.org\/{rel}","templated":true}]}}