	{"id":1302,"date":"2024-02-28T09:48:31","date_gmt":"2024-02-28T08:48:31","guid":{"rendered":"https:\/\/burgerella.ch\/prodotto\/menu-perfect-burger\/"},"modified":"2024-04-12T16:25:56","modified_gmt":"2024-04-12T14:25:56","slug":"menu-perfect-burger","status":"publish","type":"product","link":"https:\/\/burgerella.ch\/fr\/prodotto\/menu-perfect-burger\/","title":{"rendered":"Menu Perfect Burger"},"content":{"rendered":"","protected":false},"excerpt":{"rendered":"<p>pain, burger de saucisses poivr\u00e9es, cr\u00e8me de poireaux<br \/>\nrago\u00fbts. salade. tomates s\u00e9ch\u00e9es au soleil<\/p>\n","protected":false},"featured_media":1595,"template":"","meta":{"_acf_changed":false,"_seopress_robots_primary_cat":"none","_seopress_titles_title":"","_seopress_titles_desc":"","_seopress_robots_index":"","_seopress_analysis_target_kw":""},"product_brand":[],"product_cat":[74,75,107],"product_tag":[],"class_list":{"0":"post-1302","1":"product","2":"type-product","3":"status-publish","4":"has-post-thumbnail","6":"product_cat-hamburgers-gourmands","7":"product_cat-menu-fr","8":"product_cat-parfait","10":"first","11":"instock","12":"shipping-taxable","13":"purchasable","14":"product-type-simple"},"exclude_global_add_ons":false,"addons":[],"acf":[],"jetpack_sharing_enabled":true,"_links":{"self":[{"href":"https:\/\/burgerella.ch\/fr\/wp-json\/wp\/v2\/product\/1302","targetHints":{"allow":["GET"]}}],"collection":[{"href":"https:\/\/burgerella.ch\/fr\/wp-json\/wp\/v2\/product"}],"about":[{"href":"https:\/\/burgerella.ch\/fr\/wp-json\/wp\/v2\/types\/product"}],"wp:featuredmedia":[{"embeddable":true,"href":"https:\/\/burgerella.ch\/fr\/wp-json\/wp\/v2\/media\/1595"}],"wp:attachment":[{"href":"https:\/\/burgerella.ch\/fr\/wp-json\/wp\/v2\/media?parent=1302"}],"wp:term":[{"taxonomy":"product_brand","embeddable":true,"href":"https:\/\/burgerella.ch\/fr\/wp-json\/wp\/v2\/product_brand?post=1302"},{"taxonomy":"product_cat","embeddable":true,"href":"https:\/\/burgerella.ch\/fr\/wp-json\/wp\/v2\/product_cat?post=1302"},{"taxonomy":"product_tag","embeddable":true,"href":"https:\/\/burgerella.ch\/fr\/wp-json\/wp\/v2\/product_tag?post=1302"}],"curies":[{"name":"wp","href":"https:\/\/api.w.org\/{rel}","templated":true}]}}