	{"id":1291,"date":"2024-02-28T09:47:37","date_gmt":"2024-02-28T08:47:37","guid":{"rendered":"https:\/\/burgerella.ch\/prodotto\/un-hamburger-parfait\/"},"modified":"2024-02-28T09:47:37","modified_gmt":"2024-02-28T08:47:37","slug":"un-hamburger-parfait","status":"publish","type":"product","link":"https:\/\/burgerella.ch\/fr\/prodotto\/un-hamburger-parfait\/","title":{"rendered":"Un hamburger parfait"},"content":{"rendered":"","protected":false},"excerpt":{"rendered":"<p>pain, burger de saucisses poivr\u00e9es, cr\u00e8me de poireaux<br \/>\nrago\u00fbts, salades. tomates s\u00e9ch\u00e9es au soleil<\/p>\n","protected":false},"featured_media":900,"template":"","meta":{"_acf_changed":false,"_seopress_robots_primary_cat":"none","_seopress_titles_title":"","_seopress_titles_desc":"","_seopress_robots_index":"","_seopress_analysis_target_kw":""},"product_brand":[],"product_cat":[74,107],"product_tag":[],"class_list":{"0":"post-1291","1":"product","2":"type-product","3":"status-publish","4":"has-post-thumbnail","6":"product_cat-hamburgers-gourmands","7":"product_cat-parfait","9":"first","10":"instock","11":"shipping-taxable","12":"purchasable","13":"product-type-simple"},"exclude_global_add_ons":false,"addons":[],"acf":[],"jetpack_sharing_enabled":true,"_links":{"self":[{"href":"https:\/\/burgerella.ch\/fr\/wp-json\/wp\/v2\/product\/1291","targetHints":{"allow":["GET"]}}],"collection":[{"href":"https:\/\/burgerella.ch\/fr\/wp-json\/wp\/v2\/product"}],"about":[{"href":"https:\/\/burgerella.ch\/fr\/wp-json\/wp\/v2\/types\/product"}],"wp:featuredmedia":[{"embeddable":true,"href":"https:\/\/burgerella.ch\/fr\/wp-json\/wp\/v2\/media\/900"}],"wp:attachment":[{"href":"https:\/\/burgerella.ch\/fr\/wp-json\/wp\/v2\/media?parent=1291"}],"wp:term":[{"taxonomy":"product_brand","embeddable":true,"href":"https:\/\/burgerella.ch\/fr\/wp-json\/wp\/v2\/product_brand?post=1291"},{"taxonomy":"product_cat","embeddable":true,"href":"https:\/\/burgerella.ch\/fr\/wp-json\/wp\/v2\/product_cat?post=1291"},{"taxonomy":"product_tag","embeddable":true,"href":"https:\/\/burgerella.ch\/fr\/wp-json\/wp\/v2\/product_tag?post=1291"}],"curies":[{"name":"wp","href":"https:\/\/api.w.org\/{rel}","templated":true}]}}