	{"id":1208,"date":"2024-02-28T09:50:28","date_gmt":"2024-02-28T08:50:28","guid":{"rendered":"https:\/\/burgerella.ch\/prodotto\/hamburger-imitable\/"},"modified":"2024-02-28T09:50:28","modified_gmt":"2024-02-28T08:50:28","slug":"hamburger-imitable","status":"publish","type":"product","link":"https:\/\/burgerella.ch\/fr\/prodotto\/hamburger-imitable\/","title":{"rendered":"Hamburger imitable"},"content":{"rendered":"","protected":false},"excerpt":{"rendered":"<p>pain, filets de poulet marin\u00e9s, haricots \u00e0 la cr\u00e8me avec<br \/>\ncurry, poivrons fl\u00e9tris, bacon, yaourt<br \/>\nnaturel, salade<\/p>\n","protected":false},"featured_media":888,"template":"","meta":{"_acf_changed":false,"_seopress_robots_primary_cat":"none","_seopress_titles_title":"","_seopress_titles_desc":"","_seopress_robots_index":"","_seopress_analysis_target_kw":""},"product_brand":[],"product_cat":[74,80],"product_tag":[],"class_list":{"0":"post-1208","1":"product","2":"type-product","3":"status-publish","4":"has-post-thumbnail","6":"product_cat-hamburgers-gourmands","7":"product_cat-imitable","9":"first","10":"instock","11":"shipping-taxable","12":"purchasable","13":"product-type-simple"},"exclude_global_add_ons":false,"addons":[],"acf":[],"jetpack_sharing_enabled":true,"_links":{"self":[{"href":"https:\/\/burgerella.ch\/fr\/wp-json\/wp\/v2\/product\/1208","targetHints":{"allow":["GET"]}}],"collection":[{"href":"https:\/\/burgerella.ch\/fr\/wp-json\/wp\/v2\/product"}],"about":[{"href":"https:\/\/burgerella.ch\/fr\/wp-json\/wp\/v2\/types\/product"}],"wp:featuredmedia":[{"embeddable":true,"href":"https:\/\/burgerella.ch\/fr\/wp-json\/wp\/v2\/media\/888"}],"wp:attachment":[{"href":"https:\/\/burgerella.ch\/fr\/wp-json\/wp\/v2\/media?parent=1208"}],"wp:term":[{"taxonomy":"product_brand","embeddable":true,"href":"https:\/\/burgerella.ch\/fr\/wp-json\/wp\/v2\/product_brand?post=1208"},{"taxonomy":"product_cat","embeddable":true,"href":"https:\/\/burgerella.ch\/fr\/wp-json\/wp\/v2\/product_cat?post=1208"},{"taxonomy":"product_tag","embeddable":true,"href":"https:\/\/burgerella.ch\/fr\/wp-json\/wp\/v2\/product_tag?post=1208"}],"curies":[{"name":"wp","href":"https:\/\/api.w.org\/{rel}","templated":true}]}}