	{"id":1072,"date":"2024-02-28T08:25:33","date_gmt":"2024-02-28T07:25:33","guid":{"rendered":"https:\/\/burgerella.ch\/carrello\/"},"modified":"2024-04-12T11:49:25","modified_gmt":"2024-04-12T09:49:25","slug":"carrello","status":"publish","type":"page","link":"https:\/\/burgerella.ch\/fr\/carrello\/","title":{"rendered":"Carrello"},"content":{"rendered":"\t\t<div data-elementor-type=\"wp-page\" data-elementor-id=\"1072\" class=\"elementor elementor-1072 elementor-10\" data-elementor-post-type=\"page\">\n\t\t\t\t\t\t<section class=\"elementor-section elementor-top-section elementor-element elementor-element-76318de elementor-section-boxed elementor-section-height-default elementor-section-height-default\" data-id=\"76318de\" data-element_type=\"section\" data-e-type=\"section\" data-settings=\"{&quot;background_background&quot;:&quot;classic&quot;}\">\n\t\t\t\t\t\t\t<div class=\"elementor-background-overlay\"><\/div>\n\t\t\t\t\t\t\t<div class=\"elementor-container elementor-column-gap-default\">\n\t\t\t\t\t<div class=\"elementor-column elementor-col-100 elementor-top-column elementor-element elementor-element-625737a\" data-id=\"625737a\" data-element_type=\"column\" data-e-type=\"column\">\n\t\t\t<div class=\"elementor-widget-wrap elementor-element-populated\">\n\t\t\t\t\t\t\t<\/div>\n\t\t<\/div>\n\t\t\t\t\t<\/div>\n\t\t<\/section>\n\t\t<div class=\"elementor-element elementor-element-8b4cebd e-flex e-con-boxed e-con e-parent\" data-id=\"8b4cebd\" data-element_type=\"container\" data-e-type=\"container\">\n\t\t\t\t\t<div class=\"e-con-inner\">\n\t\t\t\t<div class=\"elementor-element elementor-element-48eb8bf elementor-widget elementor-widget-button\" data-id=\"48eb8bf\" data-element_type=\"widget\" data-e-type=\"widget\" data-widget_type=\"button.default\">\n\t\t\t\t<div class=\"elementor-widget-container\">\n\t\t\t\t\t\t\t\t\t<div class=\"elementor-button-wrapper\">\n\t\t\t\t\t<a class=\"elementor-button elementor-button-link elementor-size-sm\" href=\"https:\/\/burgerella.ch\/negozio\/\">\n\t\t\t\t\t\t<span class=\"elementor-button-content-wrapper\">\n\t\t\t\t\t\t<span class=\"elementor-button-icon\">\n\t\t\t\t<svg aria-hidden=\"true\" class=\"e-font-icon-svg e-far-arrow-alt-circle-left\" viewBox=\"0 0 512 512\" xmlns=\"http:\/\/www.w3.org\/2000\/svg\"><path d=\"M8 256c0 137 111 248 248 248s248-111 248-248S393 8 256 8 8 119 8 256zm448 0c0 110.5-89.5 200-200 200S56 366.5 56 256 145.5 56 256 56s200 89.5 200 200zm-72-20v40c0 6.6-5.4 12-12 12H256v67c0 10.7-12.9 16-20.5 8.5l-99-99c-4.7-4.7-4.7-12.3 0-17l99-99c7.6-7.6 20.5-2.2 20.5 8.5v67h116c6.6 0 12 5.4 12 12z\"><\/path><\/svg>\t\t\t<\/span>\n\t\t\t\t\t\t\t\t\t<span class=\"elementor-button-text\">RITORNA AL MEN\u00d9<\/span>\n\t\t\t\t\t<\/span>\n\t\t\t\t\t<\/a>\n\t\t\t\t<\/div>\n\t\t\t\t\t\t\t\t<\/div>\n\t\t\t\t<\/div>\n\t\t\t\t\t<\/div>\n\t\t\t\t<\/div>\n\t\t<div class=\"elementor-element elementor-element-988c16c e-flex e-con-boxed e-con e-parent\" data-id=\"988c16c\" data-element_type=\"container\" data-e-type=\"container\">\n\t\t\t\t\t<div class=\"e-con-inner\">\n\t\t\t\t<div class=\"elementor-element elementor-element-a7287c5 elementor-widget elementor-widget-heading\" data-id=\"a7287c5\" data-element_type=\"widget\" data-e-type=\"widget\" data-widget_type=\"heading.default\">\n\t\t\t\t<div class=\"elementor-widget-container\">\n\t\t\t\t\t<h2 class=\"elementor-heading-title elementor-size-default\">Dessert o Bibita?<\/h2>\t\t\t\t<\/div>\n\t\t\t\t<\/div>\n\t\t\t\t<div class=\"elementor-element elementor-element-002d71d elementor-grid-5 elementor-grid-mobile-2 elementor-product-loop-item--align-center elementor-grid-tablet-3 elementor-products-grid elementor-wc-products elementor-invisible elementor-widget elementor-widget-woocommerce-products\" data-id=\"002d71d\" data-element_type=\"widget\" data-e-type=\"widget\" data-settings=\"{&quot;_animation&quot;:&quot;fadeIn&quot;}\" data-widget_type=\"woocommerce-products.default\">\n\t\t\t\t<div class=\"elementor-widget-container\">\n\t\t\t\t\t<div class=\"woocommerce columns-5 \"><ul class=\"products elementor-grid columns-5\">\n<li class=\"product type-product post-1257 status-publish first instock product_cat-dessert-fr has-post-thumbnail shipping-taxable purchasable product-type-simple\">\n\t<a href=\"https:\/\/burgerella.ch\/fr\/prodotto\/tiramisu\/\" class=\"woocommerce-LoopProduct-link woocommerce-loop-product__link\"><img fetchpriority=\"high\" decoding=\"async\" width=\"300\" height=\"300\" src=\"https:\/\/burgerella.ch\/wp-content\/uploads\/sites\/87\/2024\/02\/tiramisu-300x300.jpg\" class=\"attachment-woocommerce_thumbnail size-woocommerce_thumbnail\" alt=\"Tiramisu\" srcset=\"https:\/\/burgerella.ch\/wp-content\/uploads\/sites\/87\/2024\/02\/tiramisu-300x300.jpg 300w, https:\/\/burgerella.ch\/wp-content\/uploads\/sites\/87\/2024\/02\/tiramisu-1024x1024.jpg 1024w, https:\/\/burgerella.ch\/wp-content\/uploads\/sites\/87\/2024\/02\/tiramisu-150x150.jpg 150w, https:\/\/burgerella.ch\/wp-content\/uploads\/sites\/87\/2024\/02\/tiramisu-768x768.jpg 768w, https:\/\/burgerella.ch\/wp-content\/uploads\/sites\/87\/2024\/02\/tiramisu-600x600.jpg 600w, https:\/\/burgerella.ch\/wp-content\/uploads\/sites\/87\/2024\/02\/tiramisu-100x100.jpg 100w, https:\/\/burgerella.ch\/wp-content\/uploads\/sites\/87\/2024\/02\/tiramisu.jpg 1200w\" sizes=\"(max-width: 300px) 100vw, 300px\" \/><h2 class=\"woocommerce-loop-product__title\">Tiramisu<\/h2>\n\t<span class=\"price\"><span class=\"woocommerce-Price-amount amount\"><bdi><span class=\"woocommerce-Price-currencySymbol\">&#67;&#72;&#70;<\/span>&nbsp;6.00<\/bdi><\/span><\/span>\n<\/a><div class=\"woocommerce-loop-product__buttons\"><a href=\"\/fr\/wp-json\/wp\/v2\/pages\/1072?add-to-cart=1257\" aria-describedby=\"woocommerce_loop_add_to_cart_link_describedby_1257\" data-quantity=\"1\" class=\"button product_type_simple add_to_cart_button ajax_add_to_cart\" data-product_id=\"1257\" data-product_sku=\"\" aria-label=\"Ajouter au panier\u00a0: &ldquo;Tiramisu&rdquo;\" rel=\"nofollow\" data-success_message=\"\u00ab\u00a0Tiramisu\u00a0\u00bb a \u00e9t\u00e9 ajout\u00e9 \u00e0 votre panier\" role=\"button\">Ajouter au panier<\/a><\/div>\t<span id=\"woocommerce_loop_add_to_cart_link_describedby_1257\" class=\"screen-reader-text\">\n\t\t\t<\/span>\n<\/li>\n<li class=\"product type-product post-1353 status-publish instock product_cat-dessert-fr has-post-thumbnail shipping-taxable purchasable product-type-simple\">\n\t<a href=\"https:\/\/burgerella.ch\/fr\/prodotto\/cannolo-sicilien\/\" class=\"woocommerce-LoopProduct-link woocommerce-loop-product__link\"><img decoding=\"async\" width=\"300\" height=\"300\" src=\"https:\/\/burgerella.ch\/wp-content\/uploads\/sites\/87\/2024\/02\/cannolo-siciliano-300x300.jpg\" class=\"attachment-woocommerce_thumbnail size-woocommerce_thumbnail\" alt=\"Cannolo sicilien\" srcset=\"https:\/\/burgerella.ch\/wp-content\/uploads\/sites\/87\/2024\/02\/cannolo-siciliano-300x300.jpg 300w, https:\/\/burgerella.ch\/wp-content\/uploads\/sites\/87\/2024\/02\/cannolo-siciliano-1024x1024.jpg 1024w, https:\/\/burgerella.ch\/wp-content\/uploads\/sites\/87\/2024\/02\/cannolo-siciliano-150x150.jpg 150w, https:\/\/burgerella.ch\/wp-content\/uploads\/sites\/87\/2024\/02\/cannolo-siciliano-768x768.jpg 768w, https:\/\/burgerella.ch\/wp-content\/uploads\/sites\/87\/2024\/02\/cannolo-siciliano-1536x1536.jpg 1536w, https:\/\/burgerella.ch\/wp-content\/uploads\/sites\/87\/2024\/02\/cannolo-siciliano-2048x2048.jpg 2048w, https:\/\/burgerella.ch\/wp-content\/uploads\/sites\/87\/2024\/02\/cannolo-siciliano-600x600.jpg 600w, https:\/\/burgerella.ch\/wp-content\/uploads\/sites\/87\/2024\/02\/cannolo-siciliano-100x100.jpg 100w\" sizes=\"(max-width: 300px) 100vw, 300px\" \/><h2 class=\"woocommerce-loop-product__title\">Cannolo sicilien<\/h2>\n\t<span class=\"price\"><span class=\"woocommerce-Price-amount amount\"><bdi><span class=\"woocommerce-Price-currencySymbol\">&#67;&#72;&#70;<\/span>&nbsp;2.50<\/bdi><\/span><\/span>\n<\/a><div class=\"woocommerce-loop-product__buttons\"><a href=\"\/fr\/wp-json\/wp\/v2\/pages\/1072?add-to-cart=1353\" aria-describedby=\"woocommerce_loop_add_to_cart_link_describedby_1353\" data-quantity=\"1\" class=\"button product_type_simple add_to_cart_button ajax_add_to_cart\" data-product_id=\"1353\" data-product_sku=\"\" aria-label=\"Ajouter au panier\u00a0: &ldquo;Cannolo sicilien&rdquo;\" rel=\"nofollow\" data-success_message=\"\u00ab\u00a0Cannolo sicilien\u00a0\u00bb a \u00e9t\u00e9 ajout\u00e9 \u00e0 votre panier\" role=\"button\">Ajouter au panier<\/a><\/div>\t<span id=\"woocommerce_loop_add_to_cart_link_describedby_1353\" class=\"screen-reader-text\">\n\t\t\t<\/span>\n<\/li>\n<li class=\"product type-product post-1195 status-publish instock product_cat-boissons has-post-thumbnail shipping-taxable purchasable product-type-simple\">\n\t<a href=\"https:\/\/burgerella.ch\/fr\/prodotto\/coca-05l\/\" class=\"woocommerce-LoopProduct-link woocommerce-loop-product__link\"><img decoding=\"async\" width=\"300\" height=\"300\" src=\"https:\/\/burgerella.ch\/wp-content\/uploads\/sites\/87\/2024\/03\/coca-cola-0.5l-300x300.jpg\" class=\"attachment-woocommerce_thumbnail size-woocommerce_thumbnail\" alt=\"Coca 0,5l\" srcset=\"https:\/\/burgerella.ch\/wp-content\/uploads\/sites\/87\/2024\/03\/coca-cola-0.5l-300x300.jpg 300w, https:\/\/burgerella.ch\/wp-content\/uploads\/sites\/87\/2024\/03\/coca-cola-0.5l-150x150.jpg 150w, https:\/\/burgerella.ch\/wp-content\/uploads\/sites\/87\/2024\/03\/coca-cola-0.5l-100x100.jpg 100w, https:\/\/burgerella.ch\/wp-content\/uploads\/sites\/87\/2024\/03\/coca-cola-0.5l.jpg 600w\" sizes=\"(max-width: 300px) 100vw, 300px\" \/><h2 class=\"woocommerce-loop-product__title\">Coca 0,5l<\/h2>\n\t<span class=\"price\"><span class=\"woocommerce-Price-amount amount\"><bdi><span class=\"woocommerce-Price-currencySymbol\">&#67;&#72;&#70;<\/span>&nbsp;3.50<\/bdi><\/span><\/span>\n<\/a><div class=\"woocommerce-loop-product__buttons\"><a href=\"\/fr\/wp-json\/wp\/v2\/pages\/1072?add-to-cart=1195\" aria-describedby=\"woocommerce_loop_add_to_cart_link_describedby_1195\" data-quantity=\"1\" class=\"button product_type_simple add_to_cart_button ajax_add_to_cart\" data-product_id=\"1195\" data-product_sku=\"\" aria-label=\"Ajouter au panier\u00a0: &ldquo;Coca 0,5l&rdquo;\" rel=\"nofollow\" data-success_message=\"\u00ab\u00a0Coca 0,5l\u00a0\u00bb a \u00e9t\u00e9 ajout\u00e9 \u00e0 votre panier\" role=\"button\">Ajouter au panier<\/a><\/div>\t<span id=\"woocommerce_loop_add_to_cart_link_describedby_1195\" class=\"screen-reader-text\">\n\t\t\t<\/span>\n<\/li>\n<li class=\"product type-product post-1197 status-publish instock product_cat-boissons has-post-thumbnail shipping-taxable purchasable product-type-simple\">\n\t<a href=\"https:\/\/burgerella.ch\/fr\/prodotto\/coca-zero-05l\/\" class=\"woocommerce-LoopProduct-link woocommerce-loop-product__link\"><img loading=\"lazy\" decoding=\"async\" width=\"300\" height=\"300\" src=\"https:\/\/burgerella.ch\/wp-content\/uploads\/sites\/87\/2024\/03\/cocacola-zero-1-300x300.jpg\" class=\"attachment-woocommerce_thumbnail size-woocommerce_thumbnail\" alt=\"Coca Z\u00e9ro 0,5l\" srcset=\"https:\/\/burgerella.ch\/wp-content\/uploads\/sites\/87\/2024\/03\/cocacola-zero-1-300x300.jpg 300w, https:\/\/burgerella.ch\/wp-content\/uploads\/sites\/87\/2024\/03\/cocacola-zero-1-150x150.jpg 150w, https:\/\/burgerella.ch\/wp-content\/uploads\/sites\/87\/2024\/03\/cocacola-zero-1-768x768.jpg 768w, https:\/\/burgerella.ch\/wp-content\/uploads\/sites\/87\/2024\/03\/cocacola-zero-1-600x600.jpg 600w, https:\/\/burgerella.ch\/wp-content\/uploads\/sites\/87\/2024\/03\/cocacola-zero-1-100x100.jpg 100w, https:\/\/burgerella.ch\/wp-content\/uploads\/sites\/87\/2024\/03\/cocacola-zero-1.jpg 800w\" sizes=\"(max-width: 300px) 100vw, 300px\" \/><h2 class=\"woocommerce-loop-product__title\">Coca Z\u00e9ro 0,5l<\/h2>\n\t<span class=\"price\"><span class=\"woocommerce-Price-amount amount\"><bdi><span class=\"woocommerce-Price-currencySymbol\">&#67;&#72;&#70;<\/span>&nbsp;3.50<\/bdi><\/span><\/span>\n<\/a><div class=\"woocommerce-loop-product__buttons\"><a href=\"\/fr\/wp-json\/wp\/v2\/pages\/1072?add-to-cart=1197\" aria-describedby=\"woocommerce_loop_add_to_cart_link_describedby_1197\" data-quantity=\"1\" class=\"button product_type_simple add_to_cart_button ajax_add_to_cart\" data-product_id=\"1197\" data-product_sku=\"\" aria-label=\"Ajouter au panier\u00a0: &ldquo;Coca Z\u00e9ro 0,5l&rdquo;\" rel=\"nofollow\" data-success_message=\"\u00ab\u00a0Coca Z\u00e9ro 0,5l\u00a0\u00bb a \u00e9t\u00e9 ajout\u00e9 \u00e0 votre panier\" role=\"button\">Ajouter au panier<\/a><\/div>\t<span id=\"woocommerce_loop_add_to_cart_link_describedby_1197\" class=\"screen-reader-text\">\n\t\t\t<\/span>\n<\/li>\n<li class=\"product type-product post-1186 status-publish last instock product_cat-boissons has-post-thumbnail shipping-taxable purchasable product-type-simple\">\n\t<a href=\"https:\/\/burgerella.ch\/fr\/prodotto\/fanta-05l\/\" class=\"woocommerce-LoopProduct-link woocommerce-loop-product__link\"><img loading=\"lazy\" decoding=\"async\" width=\"300\" height=\"300\" src=\"https:\/\/burgerella.ch\/wp-content\/uploads\/sites\/87\/2024\/03\/fanta-0.5l-300x300.jpg\" class=\"attachment-woocommerce_thumbnail size-woocommerce_thumbnail\" alt=\"Fanta 0,5l\" srcset=\"https:\/\/burgerella.ch\/wp-content\/uploads\/sites\/87\/2024\/03\/fanta-0.5l-300x300.jpg 300w, https:\/\/burgerella.ch\/wp-content\/uploads\/sites\/87\/2024\/03\/fanta-0.5l-1024x1024.jpg 1024w, https:\/\/burgerella.ch\/wp-content\/uploads\/sites\/87\/2024\/03\/fanta-0.5l-150x150.jpg 150w, https:\/\/burgerella.ch\/wp-content\/uploads\/sites\/87\/2024\/03\/fanta-0.5l-768x767.jpg 768w, https:\/\/burgerella.ch\/wp-content\/uploads\/sites\/87\/2024\/03\/fanta-0.5l-600x599.jpg 600w, https:\/\/burgerella.ch\/wp-content\/uploads\/sites\/87\/2024\/03\/fanta-0.5l-100x100.jpg 100w, https:\/\/burgerella.ch\/wp-content\/uploads\/sites\/87\/2024\/03\/fanta-0.5l.jpg 1084w\" sizes=\"(max-width: 300px) 100vw, 300px\" \/><h2 class=\"woocommerce-loop-product__title\">Fanta 0,5l<\/h2>\n\t<span class=\"price\"><span class=\"woocommerce-Price-amount amount\"><bdi><span class=\"woocommerce-Price-currencySymbol\">&#67;&#72;&#70;<\/span>&nbsp;3.50<\/bdi><\/span><\/span>\n<\/a><div class=\"woocommerce-loop-product__buttons\"><a href=\"\/fr\/wp-json\/wp\/v2\/pages\/1072?add-to-cart=1186\" aria-describedby=\"woocommerce_loop_add_to_cart_link_describedby_1186\" data-quantity=\"1\" class=\"button product_type_simple add_to_cart_button ajax_add_to_cart\" data-product_id=\"1186\" data-product_sku=\"\" aria-label=\"Ajouter au panier\u00a0: &ldquo;Fanta 0,5l&rdquo;\" rel=\"nofollow\" data-success_message=\"\u00ab\u00a0Fanta 0,5l\u00a0\u00bb a \u00e9t\u00e9 ajout\u00e9 \u00e0 votre panier\" role=\"button\">Ajouter au panier<\/a><\/div>\t<span id=\"woocommerce_loop_add_to_cart_link_describedby_1186\" class=\"screen-reader-text\">\n\t\t\t<\/span>\n<\/li>\n<li class=\"product type-product post-1191 status-publish first instock product_cat-boissons has-post-thumbnail shipping-taxable purchasable product-type-simple\">\n\t<a href=\"https:\/\/burgerella.ch\/fr\/prodotto\/sprite-05l\/\" class=\"woocommerce-LoopProduct-link woocommerce-loop-product__link\"><img loading=\"lazy\" decoding=\"async\" width=\"300\" height=\"300\" src=\"https:\/\/burgerella.ch\/wp-content\/uploads\/sites\/87\/2024\/03\/sprite-0.5l-300x300.jpg\" class=\"attachment-woocommerce_thumbnail size-woocommerce_thumbnail\" alt=\"Sprite 0,5l\" srcset=\"https:\/\/burgerella.ch\/wp-content\/uploads\/sites\/87\/2024\/03\/sprite-0.5l-300x300.jpg 300w, https:\/\/burgerella.ch\/wp-content\/uploads\/sites\/87\/2024\/03\/sprite-0.5l-150x150.jpg 150w, https:\/\/burgerella.ch\/wp-content\/uploads\/sites\/87\/2024\/03\/sprite-0.5l-100x100.jpg 100w\" sizes=\"(max-width: 300px) 100vw, 300px\" \/><h2 class=\"woocommerce-loop-product__title\">Sprite 0,5l<\/h2>\n\t<span class=\"price\"><span class=\"woocommerce-Price-amount amount\"><bdi><span class=\"woocommerce-Price-currencySymbol\">&#67;&#72;&#70;<\/span>&nbsp;3.50<\/bdi><\/span><\/span>\n<\/a><div class=\"woocommerce-loop-product__buttons\"><a href=\"\/fr\/wp-json\/wp\/v2\/pages\/1072?add-to-cart=1191\" aria-describedby=\"woocommerce_loop_add_to_cart_link_describedby_1191\" data-quantity=\"1\" class=\"button product_type_simple add_to_cart_button ajax_add_to_cart\" data-product_id=\"1191\" data-product_sku=\"\" aria-label=\"Ajouter au panier\u00a0: &ldquo;Sprite 0,5l&rdquo;\" rel=\"nofollow\" data-success_message=\"\u00ab\u00a0Sprite 0,5l\u00a0\u00bb a \u00e9t\u00e9 ajout\u00e9 \u00e0 votre panier\" role=\"button\">Ajouter au panier<\/a><\/div>\t<span id=\"woocommerce_loop_add_to_cart_link_describedby_1191\" class=\"screen-reader-text\">\n\t\t\t<\/span>\n<\/li>\n<li class=\"product type-product post-1198 status-publish instock product_cat-boissons has-post-thumbnail shipping-taxable purchasable product-type-simple\">\n\t<a href=\"https:\/\/burgerella.ch\/fr\/prodotto\/the-au-citron-lipton-0-5l\/\" class=\"woocommerce-LoopProduct-link woocommerce-loop-product__link\"><img loading=\"lazy\" decoding=\"async\" width=\"300\" height=\"300\" src=\"https:\/\/burgerella.ch\/wp-content\/uploads\/sites\/87\/2024\/03\/the-lipton-limone-0.5l-300x300.jpeg\" class=\"attachment-woocommerce_thumbnail size-woocommerce_thumbnail\" alt=\"Th\u00e9 au citron Lipton 0.5l\" srcset=\"https:\/\/burgerella.ch\/wp-content\/uploads\/sites\/87\/2024\/03\/the-lipton-limone-0.5l-300x300.jpeg 300w, https:\/\/burgerella.ch\/wp-content\/uploads\/sites\/87\/2024\/03\/the-lipton-limone-0.5l-150x150.jpeg 150w, https:\/\/burgerella.ch\/wp-content\/uploads\/sites\/87\/2024\/03\/the-lipton-limone-0.5l-768x768.jpeg 768w, https:\/\/burgerella.ch\/wp-content\/uploads\/sites\/87\/2024\/03\/the-lipton-limone-0.5l-600x600.jpeg 600w, https:\/\/burgerella.ch\/wp-content\/uploads\/sites\/87\/2024\/03\/the-lipton-limone-0.5l-100x100.jpeg 100w, https:\/\/burgerella.ch\/wp-content\/uploads\/sites\/87\/2024\/03\/the-lipton-limone-0.5l.jpeg 800w\" sizes=\"(max-width: 300px) 100vw, 300px\" \/><h2 class=\"woocommerce-loop-product__title\">Th\u00e9 au citron Lipton 0.5l<\/h2>\n\t<span class=\"price\"><span class=\"woocommerce-Price-amount amount\"><bdi><span class=\"woocommerce-Price-currencySymbol\">&#67;&#72;&#70;<\/span>&nbsp;3.50<\/bdi><\/span><\/span>\n<\/a><div class=\"woocommerce-loop-product__buttons\"><a href=\"\/fr\/wp-json\/wp\/v2\/pages\/1072?add-to-cart=1198\" aria-describedby=\"woocommerce_loop_add_to_cart_link_describedby_1198\" data-quantity=\"1\" class=\"button product_type_simple add_to_cart_button ajax_add_to_cart\" data-product_id=\"1198\" data-product_sku=\"\" aria-label=\"Ajouter au panier\u00a0: &ldquo;Th\u00e9 au citron Lipton 0.5l&rdquo;\" rel=\"nofollow\" data-success_message=\"\u00ab\u00a0Th\u00e9 au citron Lipton 0.5l\u00a0\u00bb a \u00e9t\u00e9 ajout\u00e9 \u00e0 votre panier\" role=\"button\">Ajouter au panier<\/a><\/div>\t<span id=\"woocommerce_loop_add_to_cart_link_describedby_1198\" class=\"screen-reader-text\">\n\t\t\t<\/span>\n<\/li>\n<li class=\"product type-product post-1325 status-publish instock product_cat-boissons has-post-thumbnail shipping-taxable purchasable product-type-simple\">\n\t<a href=\"https:\/\/burgerella.ch\/fr\/prodotto\/lipton-the-a-la-peche-0-5l\/\" class=\"woocommerce-LoopProduct-link woocommerce-loop-product__link\"><img loading=\"lazy\" decoding=\"async\" width=\"300\" height=\"300\" src=\"https:\/\/burgerella.ch\/wp-content\/uploads\/sites\/87\/2024\/03\/the-lipton-pesca-0.5l.jpg\" class=\"attachment-woocommerce_thumbnail size-woocommerce_thumbnail\" alt=\"Lipton Th\u00e9 \u00e0 la P\u00eache 0.5l\" srcset=\"https:\/\/burgerella.ch\/wp-content\/uploads\/sites\/87\/2024\/03\/the-lipton-pesca-0.5l.jpg 300w, https:\/\/burgerella.ch\/wp-content\/uploads\/sites\/87\/2024\/03\/the-lipton-pesca-0.5l-150x150.jpg 150w, https:\/\/burgerella.ch\/wp-content\/uploads\/sites\/87\/2024\/03\/the-lipton-pesca-0.5l-100x100.jpg 100w\" sizes=\"(max-width: 300px) 100vw, 300px\" \/><h2 class=\"woocommerce-loop-product__title\">Lipton Th\u00e9 \u00e0 la P\u00eache 0.5l<\/h2>\n\t<span class=\"price\"><span class=\"woocommerce-Price-amount amount\"><bdi><span class=\"woocommerce-Price-currencySymbol\">&#67;&#72;&#70;<\/span>&nbsp;3.50<\/bdi><\/span><\/span>\n<\/a><div class=\"woocommerce-loop-product__buttons\"><a href=\"\/fr\/wp-json\/wp\/v2\/pages\/1072?add-to-cart=1325\" aria-describedby=\"woocommerce_loop_add_to_cart_link_describedby_1325\" data-quantity=\"1\" class=\"button product_type_simple add_to_cart_button ajax_add_to_cart\" data-product_id=\"1325\" data-product_sku=\"\" aria-label=\"Ajouter au panier\u00a0: &ldquo;Lipton Th\u00e9 \u00e0 la P\u00eache 0.5l&rdquo;\" rel=\"nofollow\" data-success_message=\"\u00ab\u00a0Lipton Th\u00e9 \u00e0 la P\u00eache 0.5l\u00a0\u00bb a \u00e9t\u00e9 ajout\u00e9 \u00e0 votre panier\" role=\"button\">Ajouter au panier<\/a><\/div>\t<span id=\"woocommerce_loop_add_to_cart_link_describedby_1325\" class=\"screen-reader-text\">\n\t\t\t<\/span>\n<\/li>\n<li class=\"product type-product post-1329 status-publish instock product_cat-boissons has-post-thumbnail shipping-taxable purchasable product-type-simple\">\n\t<a href=\"https:\/\/burgerella.ch\/fr\/prodotto\/eau-plate-05l\/\" class=\"woocommerce-LoopProduct-link woocommerce-loop-product__link\"><img loading=\"lazy\" decoding=\"async\" width=\"300\" height=\"300\" src=\"https:\/\/burgerella.ch\/wp-content\/uploads\/sites\/87\/2024\/03\/acqua-naturale-sanclemente-300x300.webp\" class=\"attachment-woocommerce_thumbnail size-woocommerce_thumbnail\" alt=\"Eau plate 0,5l\" srcset=\"https:\/\/burgerella.ch\/wp-content\/uploads\/sites\/87\/2024\/03\/acqua-naturale-sanclemente-300x300.webp 300w, https:\/\/burgerella.ch\/wp-content\/uploads\/sites\/87\/2024\/03\/acqua-naturale-sanclemente-150x150.webp 150w, https:\/\/burgerella.ch\/wp-content\/uploads\/sites\/87\/2024\/03\/acqua-naturale-sanclemente-600x600.webp 600w, https:\/\/burgerella.ch\/wp-content\/uploads\/sites\/87\/2024\/03\/acqua-naturale-sanclemente-100x100.webp 100w, https:\/\/burgerella.ch\/wp-content\/uploads\/sites\/87\/2024\/03\/acqua-naturale-sanclemente.webp 650w\" sizes=\"(max-width: 300px) 100vw, 300px\" \/><h2 class=\"woocommerce-loop-product__title\">Eau plate 0,5l<\/h2>\n\t<span class=\"price\"><span class=\"woocommerce-Price-amount amount\"><bdi><span class=\"woocommerce-Price-currencySymbol\">&#67;&#72;&#70;<\/span>&nbsp;2.50<\/bdi><\/span><\/span>\n<\/a><div class=\"woocommerce-loop-product__buttons\"><a href=\"\/fr\/wp-json\/wp\/v2\/pages\/1072?add-to-cart=1329\" aria-describedby=\"woocommerce_loop_add_to_cart_link_describedby_1329\" data-quantity=\"1\" class=\"button product_type_simple add_to_cart_button ajax_add_to_cart\" data-product_id=\"1329\" data-product_sku=\"\" aria-label=\"Ajouter au panier\u00a0: &ldquo;Eau plate 0,5l&rdquo;\" rel=\"nofollow\" data-success_message=\"\u00ab\u00a0Eau plate 0,5l\u00a0\u00bb a \u00e9t\u00e9 ajout\u00e9 \u00e0 votre panier\" role=\"button\">Ajouter au panier<\/a><\/div>\t<span id=\"woocommerce_loop_add_to_cart_link_describedby_1329\" class=\"screen-reader-text\">\n\t\t\t<\/span>\n<\/li>\n<li class=\"product type-product post-1323 status-publish last instock product_cat-boissons has-post-thumbnail shipping-taxable purchasable product-type-simple\">\n\t<a href=\"https:\/\/burgerella.ch\/fr\/prodotto\/eau-gazeuse-05l\/\" class=\"woocommerce-LoopProduct-link woocommerce-loop-product__link\"><img loading=\"lazy\" decoding=\"async\" width=\"300\" height=\"300\" src=\"https:\/\/burgerella.ch\/wp-content\/uploads\/sites\/87\/2024\/03\/frizzante-100-PET-300x300.webp\" class=\"attachment-woocommerce_thumbnail size-woocommerce_thumbnail\" alt=\"Eau gazeuse 0,5l\" srcset=\"https:\/\/burgerella.ch\/wp-content\/uploads\/sites\/87\/2024\/03\/frizzante-100-PET-300x300.webp 300w, https:\/\/burgerella.ch\/wp-content\/uploads\/sites\/87\/2024\/03\/frizzante-100-PET-1024x1024.webp 1024w, https:\/\/burgerella.ch\/wp-content\/uploads\/sites\/87\/2024\/03\/frizzante-100-PET-150x150.webp 150w, https:\/\/burgerella.ch\/wp-content\/uploads\/sites\/87\/2024\/03\/frizzante-100-PET-768x768.webp 768w, https:\/\/burgerella.ch\/wp-content\/uploads\/sites\/87\/2024\/03\/frizzante-100-PET-600x600.webp 600w, https:\/\/burgerella.ch\/wp-content\/uploads\/sites\/87\/2024\/03\/frizzante-100-PET-100x100.webp 100w, https:\/\/burgerella.ch\/wp-content\/uploads\/sites\/87\/2024\/03\/frizzante-100-PET.webp 1200w\" sizes=\"(max-width: 300px) 100vw, 300px\" \/><h2 class=\"woocommerce-loop-product__title\">Eau gazeuse 0,5l<\/h2>\n\t<span class=\"price\"><span class=\"woocommerce-Price-amount amount\"><bdi><span class=\"woocommerce-Price-currencySymbol\">&#67;&#72;&#70;<\/span>&nbsp;2.50<\/bdi><\/span><\/span>\n<\/a><div class=\"woocommerce-loop-product__buttons\"><a href=\"\/fr\/wp-json\/wp\/v2\/pages\/1072?add-to-cart=1323\" aria-describedby=\"woocommerce_loop_add_to_cart_link_describedby_1323\" data-quantity=\"1\" class=\"button product_type_simple add_to_cart_button ajax_add_to_cart\" data-product_id=\"1323\" data-product_sku=\"\" aria-label=\"Ajouter au panier\u00a0: &ldquo;Eau gazeuse 0,5l&rdquo;\" rel=\"nofollow\" data-success_message=\"\u00ab\u00a0Eau gazeuse 0,5l\u00a0\u00bb a \u00e9t\u00e9 ajout\u00e9 \u00e0 votre panier\" role=\"button\">Ajouter au panier<\/a><\/div>\t<span id=\"woocommerce_loop_add_to_cart_link_describedby_1323\" class=\"screen-reader-text\">\n\t\t\t<\/span>\n<\/li>\n<\/ul>\n<\/div>\t\t\t\t<\/div>\n\t\t\t\t<\/div>\n\t\t\t\t\t<\/div>\n\t\t\t\t<\/div>\n\t\t\t\t<\/div>\n\t\t","protected":false},"excerpt":{"rendered":"<p>RITORNA AL MEN\u00d9 Ordinazione per la consegna a domicilio minimo 19.90.- chf Rimuovi articolo Miniatura immagine Prodotto Prezzo Quantit\u00e0 Subtotale &times; Menu Burger semplice Personalizza il panino: Rimuovi carne di manzo Bibita scelta per il menu: Coca cola 0,5l Salse: Mayonese &#67;&#72;&#70;&nbsp;20.40 Menu Burger semplice&nbsp; quantit\u00e0 &#67;&#72;&#70;&nbsp;20.40 Aggiorna carrello Applica coupon Totale Carrello Subtotale &#67;&#72;&#70;&nbsp;20.40 [&hellip;]<\/p>\n","protected":false},"author":4,"featured_media":0,"parent":0,"menu_order":0,"comment_status":"closed","ping_status":"open","template":"elementor_header_footer","meta":{"_acf_changed":false,"_seopress_robots_primary_cat":"","_seopress_titles_title":"","_seopress_titles_desc":"","_seopress_robots_index":"","_seopress_analysis_target_kw":"","footnotes":""},"class_list":["post-1072","page","type-page","status-publish","hentry"],"acf":[],"jetpack_sharing_enabled":true,"_links":{"self":[{"href":"https:\/\/burgerella.ch\/fr\/wp-json\/wp\/v2\/pages\/1072","targetHints":{"allow":["GET"]}}],"collection":[{"href":"https:\/\/burgerella.ch\/fr\/wp-json\/wp\/v2\/pages"}],"about":[{"href":"https:\/\/burgerella.ch\/fr\/wp-json\/wp\/v2\/types\/page"}],"author":[{"embeddable":true,"href":"https:\/\/burgerella.ch\/fr\/wp-json\/wp\/v2\/users\/4"}],"replies":[{"embeddable":true,"href":"https:\/\/burgerella.ch\/fr\/wp-json\/wp\/v2\/comments?post=1072"}],"version-history":[{"count":0,"href":"https:\/\/burgerella.ch\/fr\/wp-json\/wp\/v2\/pages\/1072\/revisions"}],"wp:attachment":[{"href":"https:\/\/burgerella.ch\/fr\/wp-json\/wp\/v2\/media?parent=1072"}],"curies":[{"name":"wp","href":"https:\/\/api.w.org\/{rel}","templated":true}]}}