	{"id":1286,"date":"2024-02-28T09:42:12","date_gmt":"2024-02-28T08:42:12","guid":{"rendered":"https:\/\/burgerella.ch\/prodotto\/repraesentative-burger\/"},"modified":"2024-02-28T09:42:12","modified_gmt":"2024-02-28T08:42:12","slug":"repraesentative-burger","status":"publish","type":"product","link":"https:\/\/burgerella.ch\/de\/prodotto\/repraesentative-burger\/","title":{"rendered":"Repr\u00e4sentative Burger"},"content":{"rendered":"","protected":false},"excerpt":{"rendered":"<p>Brot, Rindfleisch, bl\u00e4hender Scamorza-K\u00e4se,<br \/>\nKnuspriger Guanciale, marinierter Spinat mit<br \/>\nBalsamico, Ketchup<\/p>\n","protected":false},"featured_media":895,"template":"","meta":{"_acf_changed":false,"_seopress_robots_primary_cat":"none","_seopress_titles_title":"","_seopress_titles_desc":"","_seopress_robots_index":""},"product_brand":[],"product_cat":[95,102],"product_tag":[],"class_list":{"0":"post-1286","1":"product","2":"type-product","3":"status-publish","4":"has-post-thumbnail","6":"product_cat-gourmet-burger","7":"product_cat-reprasentativ","9":"first","10":"instock","11":"shipping-taxable","12":"purchasable","13":"product-type-simple"},"exclude_global_add_ons":false,"addons":[],"acf":[],"jetpack_sharing_enabled":true,"_links":{"self":[{"href":"https:\/\/burgerella.ch\/de\/wp-json\/wp\/v2\/product\/1286","targetHints":{"allow":["GET"]}}],"collection":[{"href":"https:\/\/burgerella.ch\/de\/wp-json\/wp\/v2\/product"}],"about":[{"href":"https:\/\/burgerella.ch\/de\/wp-json\/wp\/v2\/types\/product"}],"wp:featuredmedia":[{"embeddable":true,"href":"https:\/\/burgerella.ch\/de\/wp-json\/wp\/v2\/media\/895"}],"wp:attachment":[{"href":"https:\/\/burgerella.ch\/de\/wp-json\/wp\/v2\/media?parent=1286"}],"wp:term":[{"taxonomy":"product_brand","embeddable":true,"href":"https:\/\/burgerella.ch\/de\/wp-json\/wp\/v2\/product_brand?post=1286"},{"taxonomy":"product_cat","embeddable":true,"href":"https:\/\/burgerella.ch\/de\/wp-json\/wp\/v2\/product_cat?post=1286"},{"taxonomy":"product_tag","embeddable":true,"href":"https:\/\/burgerella.ch\/de\/wp-json\/wp\/v2\/product_tag?post=1286"}],"curies":[{"name":"wp","href":"https:\/\/api.w.org\/{rel}","templated":true}]}}